{"id":100,"date":"2024-05-21T14:22:52","date_gmt":"2024-05-21T14:22:52","guid":{"rendered":"https:\/\/prepare.johnandcourtneypublishing.com\/?post_type=product&#038;p=100"},"modified":"2024-10-06T21:19:20","modified_gmt":"2024-10-06T21:19:20","slug":"wie-man-einen-job-bekommt-und-behalt-deutsche-version","status":"publish","type":"product","link":"https:\/\/johnandcourtneypublishing.com\/de\/product\/wie-man-einen-job-bekommt-und-behalt-deutsche-version\/","title":{"rendered":"&#8220;Wie man einen Job bekommt und beh\u00e4lt&#8221; (Deutsche Version)"},"content":{"rendered":"<p>Dies ist ein \u00dcberlebenshandbuch f\u00fcr Ihren Job ohne Schnickschnack.<\/p>\n<p>Es ist in kurzer, praktischer, schonungslos ehrlicher Wegweiser f\u00fcr Studierende, Praktikant*innen und alle, die gerade am Anfang ihrer Karriere stehen oder ihre Karriere wechseln wollen und versuchen, die st\u00fcrmische interne Politik innerhalb ihrer Organisationen zu bezwingen.<\/p>\n<p>Das Werk basiert auf der mehr als 40-j\u00e4hrigen Berufserfahrung des Autors in der USRegierung und in f\u00fchrenden Unternehmen als General Counsel sowie als Senior Counsel internationaler Kanzleien in den USA und Eurona. Es beschreibt in 24 \u201eCalhoun-Senghor Regeln&#8221; mit einfachen Worten die entscheidenden politischen Kompetenzen, die Sie in europ\u00e4ischen, amerikanischen und praktisch allen Organisationen der Welt beherrschen m\u00fcssen, um im Job Erfolg zu haben.<\/p>\n<p>Das sind die Dinge, die man in der Schule nicht lernt!<\/p>\n<p>Mithilfe konkreter Anleitungsschritte, klar organisierter Regeln, Humor und mit bewegender personlichen Geschichten beschreibt dieses Handbuch unerl\u00e4ssliche Kompetenzen f\u00fcr Ihr \u00dcberleben am heutigen brutalen Arbeitsmarkt.<\/p>\n<p>Denn Ihr Talent alleine reicht nicht aus.<\/p>","protected":false},"excerpt":{"rendered":"<p>Dies ist ein \u00dcberlebenshandbuch f\u00fcr Ihren Job ohne Schnickschnack. Es ist in kurzer, praktischer, schonungslos ehrlicher Wegweiser f\u00fcr Studierende, Praktikant*innen und alle, die gerade am Anfang ihrer Karriere stehen oder ihre Karriere wechseln wollen und versuchen, die st\u00fcrmische interne Politik innerhalb ihrer Organisationen zu bezwingen. Das Werk basiert auf der mehr als 40-j\u00e4hrigen Berufserfahrung des&hellip;&nbsp;<a href=\"https:\/\/johnandcourtneypublishing.com\/de\/product\/wie-man-einen-job-bekommt-und-behalt-deutsche-version\/\" class=\"\" rel=\"bookmark\">Read More &raquo;<span class=\"screen-reader-text\">&#8220;Wie man einen Job bekommt und beh\u00e4lt&#8221; (Deutsche Version)<\/span><\/a><\/p>","protected":false},"featured_media":642,"comment_status":"closed","ping_status":"closed","template":"","meta":{"neve_meta_sidebar":"","neve_meta_container":"","neve_meta_enable_content_width":"off","neve_meta_content_width":100,"neve_meta_title_alignment":"","neve_meta_author_avatar":"","neve_post_elements_order":"","neve_meta_disable_header":"","neve_meta_disable_footer":"","neve_meta_disable_title":""},"product_cat":[16],"product_tag":[],"class_list":{"0":"post-100","1":"product","2":"type-product","3":"status-publish","4":"has-post-thumbnail","6":"product_cat-uncategorized","8":"first","9":"instock","10":"shipping-taxable","11":"purchasable","12":"product-type-simple"},"_links":{"self":[{"href":"https:\/\/johnandcourtneypublishing.com\/de\/wp-json\/wp\/v2\/product\/100","targetHints":{"allow":["GET"]}}],"collection":[{"href":"https:\/\/johnandcourtneypublishing.com\/de\/wp-json\/wp\/v2\/product"}],"about":[{"href":"https:\/\/johnandcourtneypublishing.com\/de\/wp-json\/wp\/v2\/types\/product"}],"replies":[{"embeddable":true,"href":"https:\/\/johnandcourtneypublishing.com\/de\/wp-json\/wp\/v2\/comments?post=100"}],"wp:featuredmedia":[{"embeddable":true,"href":"https:\/\/johnandcourtneypublishing.com\/de\/wp-json\/wp\/v2\/media\/642"}],"wp:attachment":[{"href":"https:\/\/johnandcourtneypublishing.com\/de\/wp-json\/wp\/v2\/media?parent=100"}],"wp:term":[{"taxonomy":"product_cat","embeddable":true,"href":"https:\/\/johnandcourtneypublishing.com\/de\/wp-json\/wp\/v2\/product_cat?post=100"},{"taxonomy":"product_tag","embeddable":true,"href":"https:\/\/johnandcourtneypublishing.com\/de\/wp-json\/wp\/v2\/product_tag?post=100"}],"curies":[{"name":"wp","href":"https:\/\/api.w.org\/{rel}","templated":true}]}}